{"id":1023,"date":"2025-03-11T16:16:32","date_gmt":"2025-03-11T15:16:32","guid":{"rendered":"https:\/\/yana.lol\/lse-y-musica-tecnicas-de-traduccion-e-interpretacion\/"},"modified":"2025-05-30T15:43:13","modified_gmt":"2025-05-30T13:43:13","slug":"lis-y-musica-tecnicas-de-traduccion-e-interpretacion","status":"publish","type":"page","link":"https:\/\/yana.lol\/es\/lis-y-musica-tecnicas-de-traduccion-e-interpretacion\/","title":{"rendered":"LIS y M\u00fasica \u2013 T\u00e9cnicas de Traducci\u00f3n e Interpretaci\u00f3n"},"content":{"rendered":"","protected":false},"excerpt":{"rendered":"","protected":false},"author":1,"featured_media":0,"parent":0,"menu_order":0,"comment_status":"closed","ping_status":"closed","template":"page-lis-corso-lis-musica.php","meta":{"footnotes":""},"class_list":["post-1023","page","type-page","status-publish","hentry"],"_links":{"self":[{"href":"https:\/\/yana.lol\/es\/wp-json\/wp\/v2\/pages\/1023","targetHints":{"allow":["GET"]}}],"collection":[{"href":"https:\/\/yana.lol\/es\/wp-json\/wp\/v2\/pages"}],"about":[{"href":"https:\/\/yana.lol\/es\/wp-json\/wp\/v2\/types\/page"}],"author":[{"embeddable":true,"href":"https:\/\/yana.lol\/es\/wp-json\/wp\/v2\/users\/1"}],"replies":[{"embeddable":true,"href":"https:\/\/yana.lol\/es\/wp-json\/wp\/v2\/comments?post=1023"}],"version-history":[{"count":1,"href":"https:\/\/yana.lol\/es\/wp-json\/wp\/v2\/pages\/1023\/revisions"}],"predecessor-version":[{"id":1375,"href":"https:\/\/yana.lol\/es\/wp-json\/wp\/v2\/pages\/1023\/revisions\/1375"}],"wp:attachment":[{"href":"https:\/\/yana.lol\/es\/wp-json\/wp\/v2\/media?parent=1023"}],"curies":[{"name":"wp","href":"https:\/\/api.w.org\/{rel}","templated":true}]}}