{"id":822,"date":"2024-11-10T11:27:11","date_gmt":"2024-11-10T10:27:11","guid":{"rendered":"https:\/\/yana.lol\/inicio\/"},"modified":"2026-02-25T16:43:23","modified_gmt":"2026-02-25T15:43:23","slug":"home","status":"publish","type":"page","link":"https:\/\/yana.lol\/es\/","title":{"rendered":"Inicio"},"content":{"rendered":"<p class=\"has-text-align-center\" style=\"font-size:20px\">YANA \u2013 Cooperativa para la Innovaci\u00f3n, la Educaci\u00f3n y la Comunicaci\u00f3n Accesible<\/p><p style=\"font-size:19px\">YANA es una cooperativa fundada y dirigida por personas sordas, activa en el desarrollo de soluciones educativas, digitales y audiovisuales accesibles. Operamos en el \u00e1mbito de la Lengua de Signos Italiana (LIS), la formaci\u00f3n estructurada y la innovaci\u00f3n tecnol\u00f3gica aplicada a los procesos de aprendizaje y comunicaci\u00f3n. <\/p><p style=\"font-size:19px\">Dise\u00f1amos programas formativos en LIS inspirados en el MCER, organizados en niveles progresivos con objetivos claros y metodolog\u00edas estructuradas. Desarrollamos herramientas digitales creadas internamente para apoyar la ense\u00f1anza, sistemas de gesti\u00f3n de cursos y entornos visuales interactivos orientados a mejorar la comprensi\u00f3n y la producci\u00f3n ling\u00fc\u00edstica. <\/p><p style=\"font-size:19px\">La producci\u00f3n audiovisual representa un componente central de nuestra identidad: creamos contenidos educativos, divulgativos y documentales conforme a est\u00e1ndares profesionales, con especial atenci\u00f3n a la calidad visual, la composici\u00f3n cinematogr\u00e1fica y la accesibilidad conceptual.<\/p><p style=\"font-size:19px\">YANA integra competencias pedag\u00f3gicas, tecnol\u00f3gicas y creativas para construir entornos de aprendizaje inclusivos, sostenibles y orientados al futuro. Colaboramos con la comunidad sorda, profesionales e instituciones interesadas en desarrollar espacios de cooperaci\u00f3n y acceso equitativo al conocimiento. <\/p>","protected":false},"excerpt":{"rendered":"<p>YANA \u2013 Cooperativa para la Innovaci\u00f3n, la Educaci\u00f3n y la Comunicaci\u00f3n Accesible YANA es una cooperativa fundada y dirigida por personas sordas, activa en el desarrollo de soluciones educativas, digitales y audiovisuales accesibles. Operamos en el \u00e1mbito de la Lengua de Signos Italiana (LIS), la formaci\u00f3n estructurada y la innovaci\u00f3n tecnol\u00f3gica aplicada a los procesos [&hellip;]<\/p>\n","protected":false},"author":1,"featured_media":0,"parent":0,"menu_order":0,"comment_status":"closed","ping_status":"closed","template":"page-home.php","meta":{"footnotes":""},"class_list":["post-822","page","type-page","status-publish","hentry"],"_links":{"self":[{"href":"https:\/\/yana.lol\/es\/wp-json\/wp\/v2\/pages\/822","targetHints":{"allow":["GET"]}}],"collection":[{"href":"https:\/\/yana.lol\/es\/wp-json\/wp\/v2\/pages"}],"about":[{"href":"https:\/\/yana.lol\/es\/wp-json\/wp\/v2\/types\/page"}],"author":[{"embeddable":true,"href":"https:\/\/yana.lol\/es\/wp-json\/wp\/v2\/users\/1"}],"replies":[{"embeddable":true,"href":"https:\/\/yana.lol\/es\/wp-json\/wp\/v2\/comments?post=822"}],"version-history":[{"count":2,"href":"https:\/\/yana.lol\/es\/wp-json\/wp\/v2\/pages\/822\/revisions"}],"predecessor-version":[{"id":1714,"href":"https:\/\/yana.lol\/es\/wp-json\/wp\/v2\/pages\/822\/revisions\/1714"}],"wp:attachment":[{"href":"https:\/\/yana.lol\/es\/wp-json\/wp\/v2\/media?parent=822"}],"curies":[{"name":"wp","href":"https:\/\/api.w.org\/{rel}","templated":true}]}}