{"id":784,"date":"2024-11-10T11:27:11","date_gmt":"2024-11-10T10:27:11","guid":{"rendered":"https:\/\/yana.lol\/accueil\/"},"modified":"2026-02-25T16:40:49","modified_gmt":"2026-02-25T15:40:49","slug":"accueil","status":"publish","type":"page","link":"https:\/\/yana.lol\/fr\/","title":{"rendered":"Accueil"},"content":{"rendered":"<p class=\"has-text-align-center\" style=\"font-size:20px\">YANA \u2013 Coop\u00e9rative pour l\u2019Innovation, l\u2019\u00c9ducation et la Communication Accessible<\/p><p style=\"font-size:19px\">YANA est une coop\u00e9rative fond\u00e9e et dirig\u00e9e par des personnes sourdes, active dans le d\u00e9veloppement de solutions \u00e9ducatives, num\u00e9riques et audiovisuelles accessibles. Nous op\u00e9rons dans le domaine de la Langue des Signes Italienne (LIS), de la formation structur\u00e9e et de l\u2019innovation technologique appliqu\u00e9e aux processus d\u2019apprentissage et de communication. <\/p><p style=\"font-size:19px\">Nous concevons des parcours de formation en LIS inspir\u00e9s du CECR, organis\u00e9s en niveaux progressifs avec des objectifs clairs et des m\u00e9thodologies structur\u00e9es. Nous d\u00e9veloppons des outils num\u00e9riques con\u00e7us en interne pour soutenir l\u2019enseignement, des syst\u00e8mes de gestion des cours et des environnements visuels interactifs visant \u00e0 am\u00e9liorer la compr\u00e9hension et la production linguistique. <\/p><p style=\"font-size:19px\">La production audiovisuelle constitue un \u00e9l\u00e9ment central de notre identit\u00e9 : nous r\u00e9alisons des contenus \u00e9ducatifs, informatifs et documentaires selon des standards professionnels, avec une attention particuli\u00e8re \u00e0 la qualit\u00e9 visuelle, \u00e0 la composition cin\u00e9matographique et \u00e0 l\u2019accessibilit\u00e9 conceptuelle.<\/p><p style=\"font-size:19px\">YANA int\u00e8gre des comp\u00e9tences p\u00e9dagogiques, technologiques et cr\u00e9atives afin de construire des environnements d\u2019apprentissage inclusifs, durables et tourn\u00e9s vers l\u2019avenir. Nous collaborons avec la communaut\u00e9 sourde, des professionnels et des institutions int\u00e9ress\u00e9s par le d\u00e9veloppement d\u2019espaces de coop\u00e9ration et d\u2019acc\u00e8s \u00e9quitable au savoir. <\/p>","protected":false},"excerpt":{"rendered":"<p>YANA \u2013 Coop\u00e9rative pour l\u2019Innovation, l\u2019\u00c9ducation et la Communication Accessible YANA est une coop\u00e9rative fond\u00e9e et dirig\u00e9e par des personnes sourdes, active dans le d\u00e9veloppement de solutions \u00e9ducatives, num\u00e9riques et audiovisuelles accessibles. Nous op\u00e9rons dans le domaine de la Langue des Signes Italienne (LIS), de la formation structur\u00e9e et de l\u2019innovation technologique appliqu\u00e9e aux processus [&hellip;]<\/p>\n","protected":false},"author":1,"featured_media":0,"parent":0,"menu_order":0,"comment_status":"closed","ping_status":"closed","template":"page-home.php","meta":{"footnotes":""},"class_list":["post-784","page","type-page","status-publish","hentry"],"_links":{"self":[{"href":"https:\/\/yana.lol\/fr\/wp-json\/wp\/v2\/pages\/784","targetHints":{"allow":["GET"]}}],"collection":[{"href":"https:\/\/yana.lol\/fr\/wp-json\/wp\/v2\/pages"}],"about":[{"href":"https:\/\/yana.lol\/fr\/wp-json\/wp\/v2\/types\/page"}],"author":[{"embeddable":true,"href":"https:\/\/yana.lol\/fr\/wp-json\/wp\/v2\/users\/1"}],"replies":[{"embeddable":true,"href":"https:\/\/yana.lol\/fr\/wp-json\/wp\/v2\/comments?post=784"}],"version-history":[{"count":4,"href":"https:\/\/yana.lol\/fr\/wp-json\/wp\/v2\/pages\/784\/revisions"}],"predecessor-version":[{"id":1712,"href":"https:\/\/yana.lol\/fr\/wp-json\/wp\/v2\/pages\/784\/revisions\/1712"}],"wp:attachment":[{"href":"https:\/\/yana.lol\/fr\/wp-json\/wp\/v2\/media?parent=784"}],"curies":[{"name":"wp","href":"https:\/\/api.w.org\/{rel}","templated":true}]}}